{"id":12,"date":"2024-10-15T19:30:22","date_gmt":"2024-10-15T17:30:22","guid":{"rendered":"http:\/\/freihof.fr\/?page_id=12"},"modified":"2024-10-15T19:54:19","modified_gmt":"2024-10-15T17:54:19","slug":"en_construction","status":"publish","type":"page","link":"https:\/\/freihof.fr\/","title":{"rendered":"En construction"},"content":{"rendered":"\t\t<div data-elementor-type=\"wp-page\" data-elementor-id=\"12\" class=\"elementor elementor-12\" data-elementor-post-type=\"page\">\n\t\t\t\t<div class=\"elementor-element elementor-element-3fe30dd e-flex e-con-boxed e-con e-parent\" data-id=\"3fe30dd\" data-element_type=\"container\">\n\t\t\t\t\t<div class=\"e-con-inner\">\n\t\t<div class=\"elementor-element elementor-element-8eab2b8 e-con-full e-flex e-con e-child\" data-id=\"8eab2b8\" data-element_type=\"container\">\n\t\t\t\t<div class=\"elementor-element elementor-element-2bcc0c7 elementor-widget elementor-widget-image\" data-id=\"2bcc0c7\" data-element_type=\"widget\" data-widget_type=\"image.default\">\n\t\t\t\t<div class=\"elementor-widget-container\">\n\t\t\t\t\t\t\t\t\t\t\t\t\t<img fetchpriority=\"high\" decoding=\"async\" width=\"800\" height=\"323\" src=\"https:\/\/freihof.fr\/wp-content\/uploads\/2024\/10\/logo-ret-1024x413.png\" class=\"attachment-large size-large wp-image-8\" alt=\"\" srcset=\"https:\/\/freihof.fr\/wp-content\/uploads\/2024\/10\/logo-ret-1024x413.png 1024w, https:\/\/freihof.fr\/wp-content\/uploads\/2024\/10\/logo-ret-300x121.png 300w, https:\/\/freihof.fr\/wp-content\/uploads\/2024\/10\/logo-ret-768x310.png 768w, https:\/\/freihof.fr\/wp-content\/uploads\/2024\/10\/logo-ret-1536x619.png 1536w, https:\/\/freihof.fr\/wp-content\/uploads\/2024\/10\/logo-ret.png 1950w\" sizes=\"(max-width: 800px) 100vw, 800px\" \/>\t\t\t\t\t\t\t\t\t\t\t\t\t<\/div>\n\t\t\t\t<\/div>\n\t\t\t\t<\/div>\n\t\t\t\t\t<\/div>\n\t\t\t\t<\/div>\n\t\t<div class=\"elementor-element elementor-element-ba77b02 e-flex e-con-boxed e-con e-parent\" data-id=\"ba77b02\" data-element_type=\"container\" data-settings=\"{&quot;background_background&quot;:&quot;classic&quot;}\">\n\t\t\t\t\t<div class=\"e-con-inner\">\n\t\t\t\t<div class=\"elementor-element elementor-element-efdf5c1 elementor-widget elementor-widget-text-editor\" data-id=\"efdf5c1\" data-element_type=\"widget\" data-widget_type=\"text-editor.default\">\n\t\t\t\t<div class=\"elementor-widget-container\">\n\t\t\t\t\t\t\t<p>EN CONSTRUCTION<\/p>\t\t\t\t\t\t<\/div>\n\t\t\t\t<\/div>\n\t\t\t\t\t<\/div>\n\t\t\t\t<\/div>\n\t\t<div class=\"elementor-element elementor-element-983104a e-flex e-con-boxed e-con e-parent\" data-id=\"983104a\" data-element_type=\"container\">\n\t\t\t\t\t<div class=\"e-con-inner\">\n\t\t\t\t<div class=\"elementor-element elementor-element-f84aed0 elementor-widget elementor-widget-spacer\" data-id=\"f84aed0\" data-element_type=\"widget\" data-widget_type=\"spacer.default\">\n\t\t\t\t<div class=\"elementor-widget-container\">\n\t\t\t\t\t<div class=\"elementor-spacer\">\n\t\t\t<div class=\"elementor-spacer-inner\"><\/div>\n\t\t<\/div>\n\t\t\t\t<\/div>\n\t\t\t\t<\/div>\n\t\t\t\t\t<\/div>\n\t\t\t\t<\/div>\n\t\t<div class=\"elementor-element elementor-element-a82e192 e-flex e-con-boxed e-con e-parent\" data-id=\"a82e192\" data-element_type=\"container\">\n\t\t\t\t\t<div class=\"e-con-inner\">\n\t\t\t\t<div class=\"elementor-element elementor-element-280150c elementor-widget elementor-widget-text-editor\" data-id=\"280150c\" data-element_type=\"widget\" data-widget_type=\"text-editor.default\">\n\t\t\t\t<div class=\"elementor-widget-container\">\n\t\t\t\t\t\t\t<p>Bienvenue sur le site de la Maison d&#8217;enfants Le Freihof \u00e0 Wangen.<\/p><p><strong>Le site est actuellement en construction.<\/strong><\/p><p>En attendant, retrouvez le site de la Fondation Le Refuge \u00e0 l&#8217;adresse <a href=\"http:\/\/www.fondation-lerefuge.fr\">www.fondation-lerefuge.fr<\/a><\/p><p>A bient\u00f4t!<\/p>\t\t\t\t\t\t<\/div>\n\t\t\t\t<\/div>\n\t\t\t\t\t<\/div>\n\t\t\t\t<\/div>\n\t\t\t\t<\/div>\n\t\t","protected":false},"excerpt":{"rendered":"<p>EN CONSTRUCTION Bienvenue sur le site de la Maison d&#8217;enfants Le Freihof \u00e0 Wangen. Le site est actuellement en construction. En attendant, retrouvez le site de la Fondation Le Refuge \u00e0 l&#8217;adresse www.fondation-lerefuge.fr A bient\u00f4t!<\/p>\n","protected":false},"author":1,"featured_media":0,"parent":0,"menu_order":0,"comment_status":"closed","ping_status":"closed","template":"","meta":{"footnotes":""},"class_list":["post-12","page","type-page","status-publish","hentry"],"_links":{"self":[{"href":"https:\/\/freihof.fr\/index.php\/wp-json\/wp\/v2\/pages\/12","targetHints":{"allow":["GET"]}}],"collection":[{"href":"https:\/\/freihof.fr\/index.php\/wp-json\/wp\/v2\/pages"}],"about":[{"href":"https:\/\/freihof.fr\/index.php\/wp-json\/wp\/v2\/types\/page"}],"author":[{"embeddable":true,"href":"https:\/\/freihof.fr\/index.php\/wp-json\/wp\/v2\/users\/1"}],"replies":[{"embeddable":true,"href":"https:\/\/freihof.fr\/index.php\/wp-json\/wp\/v2\/comments?post=12"}],"version-history":[{"count":5,"href":"https:\/\/freihof.fr\/index.php\/wp-json\/wp\/v2\/pages\/12\/revisions"}],"predecessor-version":[{"id":23,"href":"https:\/\/freihof.fr\/index.php\/wp-json\/wp\/v2\/pages\/12\/revisions\/23"}],"wp:attachment":[{"href":"https:\/\/freihof.fr\/index.php\/wp-json\/wp\/v2\/media?parent=12"}],"curies":[{"name":"wp","href":"https:\/\/api.w.org\/{rel}","templated":true}]}}